{"id":23,"date":"2025-08-27T13:54:00","date_gmt":"2025-08-27T13:54:00","guid":{"rendered":"https:\/\/propagx.com.br\/?page_id=23"},"modified":"2025-10-06T14:08:30","modified_gmt":"2025-10-06T14:08:30","slug":"home","status":"publish","type":"page","link":"https:\/\/propagx.com.br\/","title":{"rendered":"home"},"content":{"rendered":"\t\t<div data-elementor-type=\"wp-page\" data-elementor-id=\"23\" class=\"elementor elementor-23\">\n\t\t\t\t<div class=\"elementor-element elementor-element-0bad075 e-con-full e-flex wpr-particle-no wpr-jarallax-no wpr-parallax-no wpr-sticky-section-no e-con e-parent\" data-id=\"0bad075\" data-element_type=\"container\" data-settings=\"{&quot;background_background&quot;:&quot;slideshow&quot;,&quot;background_slideshow_gallery&quot;:[{&quot;id&quot;:200,&quot;url&quot;:&quot;https:\\\/\\\/propagx.com.br\\\/wp-content\\\/uploads\\\/2025\\\/08\\\/Banner-Contador-Corporativo-Azul-e-Dourado-Banner-para-blog-10.png&quot;}],&quot;background_slideshow_loop&quot;:&quot;yes&quot;,&quot;background_slideshow_slide_duration&quot;:5000,&quot;background_slideshow_slide_transition&quot;:&quot;fade&quot;,&quot;background_slideshow_transition_duration&quot;:500}\">\n\t\t\t\t<\/div>\n\t\t<div class=\"elementor-element elementor-element-0c00969 e-flex e-con-boxed wpr-particle-no wpr-jarallax-no wpr-parallax-no wpr-sticky-section-no e-con e-parent\" data-id=\"0c00969\" data-element_type=\"container\" data-settings=\"{&quot;background_background&quot;:&quot;classic&quot;}\">\n\t\t\t\t\t<div class=\"e-con-inner\">\n\t\t\t\t<div class=\"elementor-element elementor-element-15942ce elementor-widget elementor-widget-heading\" data-id=\"15942ce\" data-element_type=\"widget\" data-widget_type=\"heading.default\">\n\t\t\t\t\t<h2 class=\"elementor-heading-title elementor-size-default\">Chega de gastar com marketing <br>sem retorno<\/h2>\t\t\t\t<\/div>\n\t\t\t\t\t<\/div>\n\t\t\t\t<\/div>\n\t\t<div class=\"elementor-element elementor-element-2e0b820 e-flex e-con-boxed wpr-particle-no wpr-jarallax-no wpr-parallax-no wpr-sticky-section-no e-con e-parent\" data-id=\"2e0b820\" data-element_type=\"container\" data-settings=\"{&quot;background_background&quot;:&quot;classic&quot;}\">\n\t\t\t\t\t<div class=\"e-con-inner\">\n\t\t<div class=\"elementor-element elementor-element-41a95bf e-con-full e-flex wpr-particle-no wpr-jarallax-no wpr-parallax-no wpr-sticky-section-no e-con e-child\" data-id=\"41a95bf\" data-element_type=\"container\">\n\t\t\t\t<div class=\"elementor-element elementor-element-a73b37f elementor-widget elementor-widget-text-editor\" data-id=\"a73b37f\" data-element_type=\"widget\" data-widget_type=\"text-editor.default\">\n\t\t\t\t\t\t\t\t\t<h6 class=\"elementor-heading-title elementor-size-default\"><span style=\"color: #ffffff;\">Aqui voc\u00ea encontra uma\u00a0<span style=\"color: #21a9ec;\"><strong>ASSESSORIA DE MARKETING<\/strong>\u00a0<\/span>real, com foco em crescimento e gera\u00e7\u00e3o de leads todos os dias.<\/span><\/h6>\t\t\t\t\t\t\t\t<\/div>\n\t\t\t\t<\/div>\n\t\t\t\t\t<\/div>\n\t\t\t\t<\/div>\n\t\t<div class=\"elementor-element elementor-element-75a5691 e-flex e-con-boxed wpr-particle-no wpr-jarallax-no wpr-parallax-no wpr-sticky-section-no e-con e-parent\" data-id=\"75a5691\" data-element_type=\"container\" data-settings=\"{&quot;background_background&quot;:&quot;classic&quot;}\">\n\t\t\t\t\t<div class=\"e-con-inner\">\n\t\t<div class=\"elementor-element elementor-element-f57168f e-con-full e-flex wpr-particle-no wpr-jarallax-no wpr-parallax-no wpr-sticky-section-no e-con e-child\" data-id=\"f57168f\" data-element_type=\"container\">\n\t\t\t\t<div class=\"elementor-element elementor-element-ca33e21 elementor-widget-mobile__width-initial elementor-widget elementor-widget-image\" data-id=\"ca33e21\" data-element_type=\"widget\" data-widget_type=\"image.default\">\n\t\t\t\t\t\t\t\t\t\t\t\t\t\t\t<img fetchpriority=\"high\" decoding=\"async\" width=\"1350\" height=\"1688\" src=\"https:\/\/propagx.com.br\/wp-content\/uploads\/2025\/09\/Instagram-Post-Comunicado-Simples-Azul-e-Branco-26.png\" class=\"attachment-full size-full wp-image-392\" alt=\"\" srcset=\"https:\/\/propagx.com.br\/wp-content\/uploads\/2025\/09\/Instagram-Post-Comunicado-Simples-Azul-e-Branco-26.png 1350w, https:\/\/propagx.com.br\/wp-content\/uploads\/2025\/09\/Instagram-Post-Comunicado-Simples-Azul-e-Branco-26-240x300.png 240w, https:\/\/propagx.com.br\/wp-content\/uploads\/2025\/09\/Instagram-Post-Comunicado-Simples-Azul-e-Branco-26-819x1024.png 819w, https:\/\/propagx.com.br\/wp-content\/uploads\/2025\/09\/Instagram-Post-Comunicado-Simples-Azul-e-Branco-26-768x960.png 768w, https:\/\/propagx.com.br\/wp-content\/uploads\/2025\/09\/Instagram-Post-Comunicado-Simples-Azul-e-Branco-26-1228x1536.png 1228w\" sizes=\"(max-width: 1350px) 100vw, 1350px\" \/>\t\t\t\t\t\t\t\t\t\t\t\t\t\t\t<\/div>\n\t\t\t\t<\/div>\n\t\t<div class=\"elementor-element elementor-element-9ef1c3c e-con-full e-flex wpr-particle-no wpr-jarallax-no wpr-parallax-no wpr-sticky-section-no e-con e-child\" data-id=\"9ef1c3c\" data-element_type=\"container\">\n\t\t\t\t<div class=\"elementor-element elementor-element-89d5321 elementor-widget elementor-widget-image\" data-id=\"89d5321\" data-element_type=\"widget\" data-widget_type=\"image.default\">\n\t\t\t\t\t\t\t\t\t\t\t\t\t\t\t<img decoding=\"async\" width=\"1080\" height=\"1350\" src=\"https:\/\/propagx.com.br\/wp-content\/uploads\/2025\/08\/Instagram-Post-Comunicado-Simples-Azul-e-Branco-7.png\" class=\"attachment-full size-full wp-image-225\" alt=\"\" srcset=\"https:\/\/propagx.com.br\/wp-content\/uploads\/2025\/08\/Instagram-Post-Comunicado-Simples-Azul-e-Branco-7.png 1080w, https:\/\/propagx.com.br\/wp-content\/uploads\/2025\/08\/Instagram-Post-Comunicado-Simples-Azul-e-Branco-7-240x300.png 240w, https:\/\/propagx.com.br\/wp-content\/uploads\/2025\/08\/Instagram-Post-Comunicado-Simples-Azul-e-Branco-7-819x1024.png 819w, https:\/\/propagx.com.br\/wp-content\/uploads\/2025\/08\/Instagram-Post-Comunicado-Simples-Azul-e-Branco-7-768x960.png 768w\" sizes=\"(max-width: 1080px) 100vw, 1080px\" \/>\t\t\t\t\t\t\t\t\t\t\t\t\t\t\t<\/div>\n\t\t\t\t<div class=\"elementor-element elementor-element-321672c elementor-widget elementor-widget-menu-anchor\" data-id=\"321672c\" data-element_type=\"widget\" data-widget_type=\"menu-anchor.default\">\n\t\t\t\t\t\t\t<div class=\"elementor-menu-anchor\" id=\"servico\"><\/div>\n\t\t\t\t\t\t<\/div>\n\t\t\t\t<\/div>\n\t\t\t\t\t<\/div>\n\t\t\t\t<\/div>\n\t\t<div class=\"elementor-element elementor-element-41be7f1 e-flex e-con-boxed wpr-particle-no wpr-jarallax-no wpr-parallax-no wpr-sticky-section-no e-con e-parent\" data-id=\"41be7f1\" data-element_type=\"container\" data-settings=\"{&quot;background_background&quot;:&quot;classic&quot;}\">\n\t\t\t\t\t<div class=\"e-con-inner\">\n\t\t\t\t<div class=\"elementor-element elementor-element-117c77b elementor-widget elementor-widget-menu-anchor\" data-id=\"117c77b\" data-element_type=\"widget\" data-widget_type=\"menu-anchor.default\">\n\t\t\t\t\t\t\t<div class=\"elementor-menu-anchor\" id=\"servio\"><\/div>\n\t\t\t\t\t\t<\/div>\n\t\t\t\t<div class=\"elementor-element elementor-element-1cf45c0 elementor-widget elementor-widget-heading\" data-id=\"1cf45c0\" data-element_type=\"widget\" data-widget_type=\"heading.default\">\n\t\t\t\t\t<h2 class=\"elementor-heading-title elementor-size-default\">Nossos Servi\u00e7os:<\/h2>\t\t\t\t<\/div>\n\t\t\t\t\t<\/div>\n\t\t\t\t<\/div>\n\t\t<div class=\"elementor-element elementor-element-a8095cd e-flex e-con-boxed wpr-particle-no wpr-jarallax-no wpr-parallax-no wpr-sticky-section-no e-con e-parent\" data-id=\"a8095cd\" data-element_type=\"container\" data-settings=\"{&quot;background_background&quot;:&quot;classic&quot;}\">\n\t\t\t\t\t<div class=\"e-con-inner\">\n\t\t\t\t<div class=\"elementor-element elementor-element-262babf elementor-widget elementor-widget-heading\" data-id=\"262babf\" data-element_type=\"widget\" data-widget_type=\"heading.default\">\n\t\t\t\t\t<h2 class=\"elementor-heading-title elementor-size-default\"><br>Marketing Digital\n<\/h2>\t\t\t\t<\/div>\n\t\t\t\t<div class=\"elementor-element elementor-element-7663a12 elementor-widget-mobile__width-inherit elementor-widget elementor-widget-image\" data-id=\"7663a12\" data-element_type=\"widget\" data-widget_type=\"image.default\">\n\t\t\t\t\t\t\t\t\t\t\t\t\t\t\t<img decoding=\"async\" width=\"1080\" height=\"1350\" src=\"https:\/\/propagx.com.br\/wp-content\/uploads\/2025\/09\/Instagram-Post-Comunicado-Simples-Azul-e-Branco-24.png\" class=\"attachment-full size-full wp-image-364\" alt=\"\" srcset=\"https:\/\/propagx.com.br\/wp-content\/uploads\/2025\/09\/Instagram-Post-Comunicado-Simples-Azul-e-Branco-24.png 1080w, https:\/\/propagx.com.br\/wp-content\/uploads\/2025\/09\/Instagram-Post-Comunicado-Simples-Azul-e-Branco-24-240x300.png 240w, https:\/\/propagx.com.br\/wp-content\/uploads\/2025\/09\/Instagram-Post-Comunicado-Simples-Azul-e-Branco-24-819x1024.png 819w, https:\/\/propagx.com.br\/wp-content\/uploads\/2025\/09\/Instagram-Post-Comunicado-Simples-Azul-e-Branco-24-768x960.png 768w\" sizes=\"(max-width: 1080px) 100vw, 1080px\" \/>\t\t\t\t\t\t\t\t\t\t\t\t\t\t\t<\/div>\n\t\t\t\t\t<\/div>\n\t\t\t\t<\/div>\n\t\t<div class=\"elementor-element elementor-element-62266e8 e-flex e-con-boxed wpr-particle-no wpr-jarallax-no wpr-parallax-no wpr-sticky-section-no e-con e-parent\" data-id=\"62266e8\" data-element_type=\"container\" data-settings=\"{&quot;background_background&quot;:&quot;classic&quot;}\">\n\t\t\t\t\t<div class=\"e-con-inner\">\n\t\t\t\t<div class=\"elementor-element elementor-element-f0562f0 elementor-widget__width-inherit elementor-widget-mobile__width-inherit elementor-widget elementor-widget-image\" data-id=\"f0562f0\" data-element_type=\"widget\" data-widget_type=\"image.default\">\n\t\t\t\t\t\t\t\t\t\t\t\t\t\t\t<img loading=\"lazy\" decoding=\"async\" width=\"1080\" height=\"1350\" src=\"https:\/\/propagx.com.br\/wp-content\/uploads\/2025\/09\/4-1.png\" class=\"attachment-full size-full wp-image-353\" alt=\"\" srcset=\"https:\/\/propagx.com.br\/wp-content\/uploads\/2025\/09\/4-1.png 1080w, https:\/\/propagx.com.br\/wp-content\/uploads\/2025\/09\/4-1-240x300.png 240w, https:\/\/propagx.com.br\/wp-content\/uploads\/2025\/09\/4-1-819x1024.png 819w, https:\/\/propagx.com.br\/wp-content\/uploads\/2025\/09\/4-1-768x960.png 768w\" sizes=\"(max-width: 1080px) 100vw, 1080px\" \/>\t\t\t\t\t\t\t\t\t\t\t\t\t\t\t<\/div>\n\t\t\t\t<div class=\"elementor-element elementor-element-51a3821 elementor-widget-mobile__width-inherit elementor-widget elementor-widget-image\" data-id=\"51a3821\" data-element_type=\"widget\" data-widget_type=\"image.default\">\n\t\t\t\t\t\t\t\t\t\t\t\t\t\t\t<img loading=\"lazy\" decoding=\"async\" width=\"1080\" height=\"1350\" src=\"https:\/\/propagx.com.br\/wp-content\/uploads\/2025\/09\/Instagram-Post-Comunicado-Simples-Azul-e-Branco-23.png\" class=\"attachment-full size-full wp-image-368\" alt=\"\" srcset=\"https:\/\/propagx.com.br\/wp-content\/uploads\/2025\/09\/Instagram-Post-Comunicado-Simples-Azul-e-Branco-23.png 1080w, https:\/\/propagx.com.br\/wp-content\/uploads\/2025\/09\/Instagram-Post-Comunicado-Simples-Azul-e-Branco-23-240x300.png 240w, https:\/\/propagx.com.br\/wp-content\/uploads\/2025\/09\/Instagram-Post-Comunicado-Simples-Azul-e-Branco-23-819x1024.png 819w, https:\/\/propagx.com.br\/wp-content\/uploads\/2025\/09\/Instagram-Post-Comunicado-Simples-Azul-e-Branco-23-768x960.png 768w\" sizes=\"(max-width: 1080px) 100vw, 1080px\" \/>\t\t\t\t\t\t\t\t\t\t\t\t\t\t\t<\/div>\n\t\t\t\t\t<\/div>\n\t\t\t\t<\/div>\n\t\t<div class=\"elementor-element elementor-element-18f5ddd e-flex e-con-boxed wpr-particle-no wpr-jarallax-no wpr-parallax-no wpr-sticky-section-no e-con e-parent\" data-id=\"18f5ddd\" data-element_type=\"container\" data-settings=\"{&quot;background_background&quot;:&quot;classic&quot;}\">\n\t\t\t\t\t<div class=\"e-con-inner\">\n\t\t\t\t<div class=\"elementor-element elementor-element-701fe7d elementor-widget elementor-widget-button\" data-id=\"701fe7d\" data-element_type=\"widget\" data-settings=\"{&quot;_animation_mobile&quot;:&quot;bounceIn&quot;}\" data-widget_type=\"button.default\">\n\t\t\t\t\t\t\t\t\t\t<a class=\"elementor-button elementor-button-link elementor-size-sm elementor-animation-shrink\" href=\"http:\/\/wa.me\/47920021379\">\n\t\t\t\t\t\t<span class=\"elementor-button-content-wrapper\">\n\t\t\t\t\t\t\t\t\t<span class=\"elementor-button-text\">Solicitar or\u00e7amento<\/span>\n\t\t\t\t\t<\/span>\n\t\t\t\t\t<\/a>\n\t\t\t\t\t\t\t\t<\/div>\n\t\t\t\t<div class=\"elementor-element elementor-element-1cdb11a elementor-widget elementor-widget-image\" data-id=\"1cdb11a\" data-element_type=\"widget\" data-widget_type=\"image.default\">\n\t\t\t\t\t\t\t\t\t\t\t\t\t\t\t<img loading=\"lazy\" decoding=\"async\" width=\"1080\" height=\"1350\" src=\"https:\/\/propagx.com.br\/wp-content\/uploads\/2025\/09\/Instagram-post-para-marketing-digital-corporativo-azul.png\" class=\"attachment-full size-full wp-image-285\" alt=\"\" srcset=\"https:\/\/propagx.com.br\/wp-content\/uploads\/2025\/09\/Instagram-post-para-marketing-digital-corporativo-azul.png 1080w, https:\/\/propagx.com.br\/wp-content\/uploads\/2025\/09\/Instagram-post-para-marketing-digital-corporativo-azul-240x300.png 240w, https:\/\/propagx.com.br\/wp-content\/uploads\/2025\/09\/Instagram-post-para-marketing-digital-corporativo-azul-819x1024.png 819w, https:\/\/propagx.com.br\/wp-content\/uploads\/2025\/09\/Instagram-post-para-marketing-digital-corporativo-azul-768x960.png 768w\" sizes=\"(max-width: 1080px) 100vw, 1080px\" \/>\t\t\t\t\t\t\t\t\t\t\t\t\t\t\t<\/div>\n\t\t\t\t\t<\/div>\n\t\t\t\t<\/div>\n\t\t<div class=\"elementor-element elementor-element-3043338 e-flex e-con-boxed wpr-particle-no wpr-jarallax-no wpr-parallax-no wpr-sticky-section-no e-con e-parent\" data-id=\"3043338\" data-element_type=\"container\" data-settings=\"{&quot;background_background&quot;:&quot;classic&quot;}\">\n\t\t\t\t\t<div class=\"e-con-inner\">\n\t\t<div class=\"elementor-element elementor-element-322917d e-con-full e-flex wpr-particle-no wpr-jarallax-no wpr-parallax-no wpr-sticky-section-no e-con e-child\" data-id=\"322917d\" data-element_type=\"container\" data-settings=\"{&quot;background_background&quot;:&quot;classic&quot;}\">\n\t\t\t\t<div class=\"elementor-element elementor-element-92b39fb elementor-widget elementor-widget-menu-anchor\" data-id=\"92b39fb\" data-element_type=\"widget\" data-widget_type=\"menu-anchor.default\">\n\t\t\t\t\t\t\t<div class=\"elementor-menu-anchor\" id=\"quemsomos\"><\/div>\n\t\t\t\t\t\t<\/div>\n\t\t\t\t<div class=\"elementor-element elementor-element-ec933f2 elementor-widget elementor-widget-heading\" data-id=\"ec933f2\" data-element_type=\"widget\" data-widget_type=\"heading.default\">\n\t\t\t\t\t<h2 class=\"elementor-heading-title elementor-size-default\">Quem Somos:<\/h2>\t\t\t\t<\/div>\n\t\t\t\t<\/div>\n\t\t\t\t<div class=\"elementor-element elementor-element-d4405b1 elementor-widget__width-inherit elementor-widget elementor-widget-image\" data-id=\"d4405b1\" data-element_type=\"widget\" data-widget_type=\"image.default\">\n\t\t\t\t\t\t\t\t\t\t\t\t\t\t\t<img loading=\"lazy\" decoding=\"async\" width=\"1080\" height=\"1350\" src=\"https:\/\/propagx.com.br\/wp-content\/uploads\/2025\/09\/Instagram-Post-Comunicado-Simples-Azul-e-Branco-18.png\" class=\"attachment-full size-full wp-image-294\" alt=\"\" srcset=\"https:\/\/propagx.com.br\/wp-content\/uploads\/2025\/09\/Instagram-Post-Comunicado-Simples-Azul-e-Branco-18.png 1080w, https:\/\/propagx.com.br\/wp-content\/uploads\/2025\/09\/Instagram-Post-Comunicado-Simples-Azul-e-Branco-18-240x300.png 240w, https:\/\/propagx.com.br\/wp-content\/uploads\/2025\/09\/Instagram-Post-Comunicado-Simples-Azul-e-Branco-18-819x1024.png 819w, https:\/\/propagx.com.br\/wp-content\/uploads\/2025\/09\/Instagram-Post-Comunicado-Simples-Azul-e-Branco-18-768x960.png 768w\" sizes=\"(max-width: 1080px) 100vw, 1080px\" \/>\t\t\t\t\t\t\t\t\t\t\t\t\t\t\t<\/div>\n\t\t\t\t\t<\/div>\n\t\t\t\t<\/div>\n\t\t<div class=\"elementor-element elementor-element-cb47225 e-flex e-con-boxed wpr-particle-no wpr-jarallax-no wpr-parallax-no wpr-sticky-section-no e-con e-parent\" data-id=\"cb47225\" data-element_type=\"container\" data-settings=\"{&quot;background_background&quot;:&quot;classic&quot;}\">\n\t\t\t\t\t<div class=\"e-con-inner\">\n\t\t\t\t<div class=\"elementor-element elementor-element-afa022d elementor-widget elementor-widget-image\" data-id=\"afa022d\" data-element_type=\"widget\" data-widget_type=\"image.default\">\n\t\t\t\t\t\t\t\t\t\t\t\t\t\t\t<img loading=\"lazy\" decoding=\"async\" width=\"800\" height=\"1000\" src=\"https:\/\/propagx.com.br\/wp-content\/uploads\/2025\/09\/Instagram-Post-Comunicado-Simples-Azul-e-Branco-20-819x1024.png\" class=\"attachment-large size-large wp-image-323\" alt=\"\" srcset=\"https:\/\/propagx.com.br\/wp-content\/uploads\/2025\/09\/Instagram-Post-Comunicado-Simples-Azul-e-Branco-20-819x1024.png 819w, https:\/\/propagx.com.br\/wp-content\/uploads\/2025\/09\/Instagram-Post-Comunicado-Simples-Azul-e-Branco-20-240x300.png 240w, https:\/\/propagx.com.br\/wp-content\/uploads\/2025\/09\/Instagram-Post-Comunicado-Simples-Azul-e-Branco-20-768x960.png 768w, https:\/\/propagx.com.br\/wp-content\/uploads\/2025\/09\/Instagram-Post-Comunicado-Simples-Azul-e-Branco-20.png 1080w\" sizes=\"(max-width: 800px) 100vw, 800px\" \/>\t\t\t\t\t\t\t\t\t\t\t\t\t\t\t<\/div>\n\t\t\t\t<div class=\"elementor-element elementor-element-4ee2884 elementor-widget elementor-widget-button\" data-id=\"4ee2884\" data-element_type=\"widget\" data-settings=\"{&quot;_animation_mobile&quot;:&quot;bounceIn&quot;}\" data-widget_type=\"button.default\">\n\t\t\t\t\t\t\t\t\t\t<a class=\"elementor-button elementor-button-link elementor-size-sm elementor-animation-shrink\" href=\"http:\/\/wa.me\/47920037459\">\n\t\t\t\t\t\t<span class=\"elementor-button-content-wrapper\">\n\t\t\t\t\t\t\t\t\t<span class=\"elementor-button-text\">Contrate-nos<\/span>\n\t\t\t\t\t<\/span>\n\t\t\t\t\t<\/a>\n\t\t\t\t\t\t\t\t<\/div>\n\t\t\t\t\t<\/div>\n\t\t\t\t<\/div>\n\t\t\t\t<\/div>\n\t\t","protected":false},"excerpt":{"rendered":"<p>Chega de gastar com marketing sem retorno Aqui voc\u00ea encontra uma\u00a0ASSESSORIA DE MARKETING\u00a0real, com foco em crescimento e gera\u00e7\u00e3o de leads todos os dias. Nossos Servi\u00e7os: Marketing Digital Solicitar or\u00e7amento Quem Somos: Contrate-nos<\/p>\n","protected":false},"author":1,"featured_media":0,"parent":0,"menu_order":0,"comment_status":"closed","ping_status":"closed","template":"elementor_header_footer","meta":{"_joinchat":[],"footnotes":""},"class_list":["post-23","page","type-page","status-publish","hentry"],"_links":{"self":[{"href":"https:\/\/propagx.com.br\/index.php?rest_route=\/wp\/v2\/pages\/23","targetHints":{"allow":["GET"]}}],"collection":[{"href":"https:\/\/propagx.com.br\/index.php?rest_route=\/wp\/v2\/pages"}],"about":[{"href":"https:\/\/propagx.com.br\/index.php?rest_route=\/wp\/v2\/types\/page"}],"author":[{"embeddable":true,"href":"https:\/\/propagx.com.br\/index.php?rest_route=\/wp\/v2\/users\/1"}],"replies":[{"embeddable":true,"href":"https:\/\/propagx.com.br\/index.php?rest_route=%2Fwp%2Fv2%2Fcomments&post=23"}],"version-history":[{"count":296,"href":"https:\/\/propagx.com.br\/index.php?rest_route=\/wp\/v2\/pages\/23\/revisions"}],"predecessor-version":[{"id":436,"href":"https:\/\/propagx.com.br\/index.php?rest_route=\/wp\/v2\/pages\/23\/revisions\/436"}],"wp:attachment":[{"href":"https:\/\/propagx.com.br\/index.php?rest_route=%2Fwp%2Fv2%2Fmedia&parent=23"}],"curies":[{"name":"wp","href":"https:\/\/api.w.org\/{rel}","templated":true}]}}